{"id":170,"date":"2024-10-22T06:44:03","date_gmt":"2024-10-22T09:44:03","guid":{"rendered":"https:\/\/chileqr.cl\/crudoceviches\/finalizar-compra\/"},"modified":"2024-11-03T21:45:48","modified_gmt":"2024-11-04T00:45:48","slug":"finalizar-compra","status":"publish","type":"page","link":"https:\/\/chileqr.cl\/crudoceviches\/finalizar-compra\/","title":{"rendered":"Finalizar compra"},"content":{"rendered":"\t\t<div data-elementor-type=\"wp-page\" data-elementor-id=\"170\" class=\"elementor elementor-170\" data-elementor-settings=\"{&quot;ha_cmc_init_switcher&quot;:&quot;no&quot;}\" data-elementor-post-type=\"page\">\n\t\t\t\t<div class=\"elementor-element elementor-element-216d3c0 e-flex e-con-boxed e-con e-parent\" data-id=\"216d3c0\" data-element_type=\"container\" data-e-type=\"container\" data-settings=\"{&quot;_ha_eqh_enable&quot;:false}\">\n\t\t\t\t\t<div class=\"e-con-inner\">\n\t\t\t\t<div class=\"elementor-element elementor-element-b93c461 elementor-widget elementor-widget-heading\" data-id=\"b93c461\" data-element_type=\"widget\" data-e-type=\"widget\" data-widget_type=\"heading.default\">\n\t\t\t\t<div class=\"elementor-widget-container\">\n\t\t\t\t\t<h2 class=\"elementor-heading-title elementor-size-default\">Finalizar compra<\/h2>\t\t\t\t<\/div>\n\t\t\t\t<\/div>\n\t\t\t\t\t<\/div>\n\t\t\t\t<\/div>\n\t\t<div class=\"elementor-element elementor-element-435093f e-flex e-con-boxed e-con e-parent\" data-id=\"435093f\" data-element_type=\"container\" data-e-type=\"container\" data-settings=\"{&quot;_ha_eqh_enable&quot;:false}\">\n\t\t\t\t\t<div class=\"e-con-inner\">\n\t\t\t\t\t<\/div>\n\t\t\t\t<\/div>\n\t\t\t\t<\/div>\n\t\t","protected":false},"excerpt":{"rendered":"<p>Delivery Para llevar Detalles Nombre&nbsp;* Apellido&nbsp;* Direcci\u00f3n de la calle&nbsp;* Correo Electr\u00f3nico&nbsp;* \u00bfEnviar a una direcci\u00f3n diferente? First Name&nbsp;* Last Name&nbsp;* Company Name&nbsp;(opcional) Pa\u00eds \/ Regi\u00f3n&nbsp;*Chile Direcci\u00f3n de la calle&nbsp;* Apartamento, habitaci\u00f3n, escalera, etc.&nbsp;(opcional) Poblaci\u00f3n&nbsp;* Regi\u00f3n \/ Provincia&nbsp;*Elige una opci\u00f3n&hellip;Ais\u00e9n del General Carlos Iba\u00f1ez del CampoAntofagastaArica y ParinacotaLa Araucan\u00edaAtacamaBiob\u00edoCoquimboLibertador General Bernardo O&#039;HigginsLos LagosLos R\u00edosMagallanesMaule\u00d1ubleRegi\u00f3n Metropolitana [&hellip;]<\/p>\n","protected":false},"author":1,"featured_media":0,"parent":0,"menu_order":0,"comment_status":"closed","ping_status":"closed","template":"","meta":{"footnotes":""},"class_list":["post-170","page","type-page","status-publish","hentry"],"_links":{"self":[{"href":"https:\/\/chileqr.cl\/crudoceviches\/wp-json\/wp\/v2\/pages\/170","targetHints":{"allow":["GET"]}}],"collection":[{"href":"https:\/\/chileqr.cl\/crudoceviches\/wp-json\/wp\/v2\/pages"}],"about":[{"href":"https:\/\/chileqr.cl\/crudoceviches\/wp-json\/wp\/v2\/types\/page"}],"author":[{"embeddable":true,"href":"https:\/\/chileqr.cl\/crudoceviches\/wp-json\/wp\/v2\/users\/1"}],"replies":[{"embeddable":true,"href":"https:\/\/chileqr.cl\/crudoceviches\/wp-json\/wp\/v2\/comments?post=170"}],"version-history":[{"count":22,"href":"https:\/\/chileqr.cl\/crudoceviches\/wp-json\/wp\/v2\/pages\/170\/revisions"}],"predecessor-version":[{"id":467,"href":"https:\/\/chileqr.cl\/crudoceviches\/wp-json\/wp\/v2\/pages\/170\/revisions\/467"}],"wp:attachment":[{"href":"https:\/\/chileqr.cl\/crudoceviches\/wp-json\/wp\/v2\/media?parent=170"}],"curies":[{"name":"wp","href":"https:\/\/api.w.org\/{rel}","templated":true}]}}